{"id":16804,"date":"2019-04-15T18:30:07","date_gmt":"2019-04-15T18:30:08","guid":{"rendered":"https:\/\/kreislerart.com\/?post_type=product&#038;p=16804"},"modified":"2019-05-02T14:45:56","modified_gmt":"2019-05-02T14:45:56","slug":"universo-en-calma-viii","status":"publish","type":"product","link":"https:\/\/old.kreislerart.com\/es\/producto\/universo-en-calma-viii\/","title":{"rendered":"Universo en calma VIII"},"content":{"rendered":"<p>Mar\u00eda Luisa de Mendoza<\/p>\n<p>Paisajes urbanos de po\u00e9tica metaf\u00edsica que hablan del silencio, del tiempo parado, de ese sentir que nace de los sue\u00f1os, de los mundos on\u00edricos\u2026 Pasarelas al infinito suspendidas en una inquietante atm\u00f3sfera y sobre ellas faros que iluminan y rompen ese silencio; torres desnudas, desprovistas de todo ornamento, humo vaporoso que avanza como \u00fanico elemento en movimiento\u2026 personajes errantes que caminan en busca de algo nuevo, algo que quiz\u00e1s no exista y que representa el atreverse, el salir valientes a explorar y experimentar.<\/p>\n<p>&nbsp;<\/p>\n","protected":false},"excerpt":{"rendered":"<p>Mar\u00eda Luisa de Mendoza Paisajes urbanos de po\u00e9tica metaf\u00edsica que hablan del silencio, del tiempo parado, de ese sentir que nace de los sue\u00f1os, de los mundos on\u00edricos\u2026 Pasarelas al infinito suspendidas en una inquietante atm\u00f3sfera y sobre ellas faros que iluminan y rompen ese silencio; torres desnudas, desprovistas de todo ornamento, humo vaporoso que [&hellip;]<\/p>\n","protected":false},"featured_media":16768,"template":"","meta":{"_et_pb_use_builder":"","_et_pb_old_content":"","_et_gb_content_width":""},"product_cat":[178],"product_tag":[],"class_list":{"0":"post-16804","1":"product","2":"type-product","3":"status-publish","4":"has-post-thumbnail","6":"product_cat-oleo","7":"pa_color-azul","8":"pa_color-beige-es","9":"pa_medium-madera","10":"pa_style-arquitectura","11":"pa_style-fantasia","12":"pa_style-figurativo","13":"pa_style-geometria","14":"pa_style-para-ninos","15":"pa_style-vida-cotidiana","16":"pa_technique-oleo","17":"yith_product_brand-maria-luisa-de-mendoza-es","19":"first","20":"outofstock","21":"sold-individually","22":"taxable","23":"shipping-taxable","24":"purchasable","25":"product-type-simple"},"_links":{"self":[{"href":"https:\/\/old.kreislerart.com\/es\/wp-json\/wp\/v2\/product\/16804"}],"collection":[{"href":"https:\/\/old.kreislerart.com\/es\/wp-json\/wp\/v2\/product"}],"about":[{"href":"https:\/\/old.kreislerart.com\/es\/wp-json\/wp\/v2\/types\/product"}],"wp:featuredmedia":[{"embeddable":true,"href":"https:\/\/old.kreislerart.com\/es\/wp-json\/wp\/v2\/media\/16768"}],"wp:attachment":[{"href":"https:\/\/old.kreislerart.com\/es\/wp-json\/wp\/v2\/media?parent=16804"}],"wp:term":[{"taxonomy":"product_cat","embeddable":true,"href":"https:\/\/old.kreislerart.com\/es\/wp-json\/wp\/v2\/product_cat?post=16804"},{"taxonomy":"product_tag","embeddable":true,"href":"https:\/\/old.kreislerart.com\/es\/wp-json\/wp\/v2\/product_tag?post=16804"}],"curies":[{"name":"wp","href":"https:\/\/api.w.org\/{rel}","templated":true}]}}