{"id":17307,"date":"2019-05-02T11:44:43","date_gmt":"2019-05-02T11:44:43","guid":{"rendered":"https:\/\/kreislerart.com\/?post_type=product&#038;p=17307"},"modified":"2019-07-30T19:52:45","modified_gmt":"2019-07-30T19:52:45","slug":"recreo-4","status":"publish","type":"product","link":"https:\/\/old.kreislerart.com\/es\/producto\/recreo-4\/","title":{"rendered":"Recreo 4"},"content":{"rendered":"<p>Con mi curiosidad despierta, elijo fotografiar lo que sucede a mi alrededor, porque cada con disparo me transformo y fortalece ese momento, cada vez diferente y retratado a trav\u00e9s de mi mirada.<\/p>\n<p>Dormidos o despiertos, muchos de nosotros so\u00f1amos en alg\u00fan momento de nuestras vidas de estar en un lugar donde todo es m\u00e1gico. No hay nadie en este mundo que, por un segundo, no quiera revivir la fantas\u00eda de la infancia, juegos, miedos escolares &#8230;<\/p>\n<p>Quiero recordar la sensaci\u00f3n de ese momento en que una monta\u00f1a rusa nos hace respirar fuerte el aire y el viento nos golpea en la cara y nos hace sentir libres, el cosquilleo en el vientre y el estallido de risa &#8230; la magia.<\/p>\n<p>En Magic Park, te invito a so\u00f1ar, a so\u00f1ar con los ojos bien abiertos. Te invito a hacer un viaje a un lugar m\u00e1gico,\u00a0donde todo es posible.<\/p>\n","protected":false},"excerpt":{"rendered":"<p>Con mi curiosidad despierta, elijo fotografiar lo que sucede a mi alrededor, porque cada con disparo me transformo y fortalece ese momento, cada vez diferente y retratado a trav\u00e9s de mi mirada. Dormidos o despiertos, muchos de nosotros so\u00f1amos en alg\u00fan momento de nuestras vidas de estar en un lugar donde todo es m\u00e1gico. No [&hellip;]<\/p>\n","protected":false},"featured_media":17246,"template":"","meta":{"_et_pb_use_builder":"","_et_pb_old_content":"","_et_gb_content_width":""},"product_cat":[181,180],"product_tag":[],"class_list":{"0":"post-17307","1":"product","2":"type-product","3":"status-publish","4":"has-post-thumbnail","6":"product_cat-analogica","7":"product_cat-fotografia","8":"pa_color-amarillo","9":"pa_color-azul","10":"pa_medium-papel","11":"pa_style-abstracto","12":"pa_style-fantasia","13":"pa_style-para-ninos","14":"pa_style-vida-cotidiana","15":"pa_technique-photo-digital","17":"first","18":"instock","19":"sold-individually","20":"taxable","21":"shipping-taxable","22":"purchasable","23":"product-type-simple"},"_links":{"self":[{"href":"https:\/\/old.kreislerart.com\/es\/wp-json\/wp\/v2\/product\/17307"}],"collection":[{"href":"https:\/\/old.kreislerart.com\/es\/wp-json\/wp\/v2\/product"}],"about":[{"href":"https:\/\/old.kreislerart.com\/es\/wp-json\/wp\/v2\/types\/product"}],"wp:featuredmedia":[{"embeddable":true,"href":"https:\/\/old.kreislerart.com\/es\/wp-json\/wp\/v2\/media\/17246"}],"wp:attachment":[{"href":"https:\/\/old.kreislerart.com\/es\/wp-json\/wp\/v2\/media?parent=17307"}],"wp:term":[{"taxonomy":"product_cat","embeddable":true,"href":"https:\/\/old.kreislerart.com\/es\/wp-json\/wp\/v2\/product_cat?post=17307"},{"taxonomy":"product_tag","embeddable":true,"href":"https:\/\/old.kreislerart.com\/es\/wp-json\/wp\/v2\/product_tag?post=17307"}],"curies":[{"name":"wp","href":"https:\/\/api.w.org\/{rel}","templated":true}]}}