{"id":18660,"date":"2019-11-06T10:13:05","date_gmt":"2019-11-06T10:13:05","guid":{"rendered":"https:\/\/kreislerart.com\/product\/green-girls\/"},"modified":"2019-11-06T10:14:02","modified_gmt":"2019-11-06T10:14:02","slug":"green-girls","status":"publish","type":"product","link":"https:\/\/old.kreislerart.com\/es\/producto\/green-girls\/","title":{"rendered":"Green girls"},"content":{"rendered":"","protected":false},"excerpt":{"rendered":"<p>En este cuadro he querido representar la libertad y serenidad que se experimenta dentro del mar. Sin las presiones de otras miradas o las que nuestro propio cuerpo impone, todo parece m\u00e1s ligero y suave; como si se tratara de otro mundo. De ah\u00ed esa atm\u00f3sfera on\u00edrica.\u00a0 Las figuras flotan sin esfuerzo.\u00a0 Este mar es una invitaci\u00f3n a dejar atr\u00e1s pesos que suponen un lastre y disfrutar de la soledad. La \u00fanica compa\u00f1\u00eda aceptada es la de uno mismo.<\/p>\n","protected":false},"featured_media":18631,"template":"","meta":{"_et_pb_use_builder":"","_et_pb_old_content":"","_et_gb_content_width":""},"product_cat":[175,174],"product_tag":[],"class_list":{"0":"post-18660","1":"product","2":"type-product","3":"status-publish","4":"has-post-thumbnail","6":"product_cat-acrilico","7":"product_cat-pintura","8":"pa_color-azul","9":"pa_color-verde","10":"pa_medium-lienzo","11":"pa_style-figurativo","12":"yith_product_brand-emma-gomara-es-2","14":"first","15":"instock","16":"sold-individually","17":"taxable","18":"shipping-taxable","19":"purchasable","20":"product-type-simple"},"_links":{"self":[{"href":"https:\/\/old.kreislerart.com\/es\/wp-json\/wp\/v2\/product\/18660"}],"collection":[{"href":"https:\/\/old.kreislerart.com\/es\/wp-json\/wp\/v2\/product"}],"about":[{"href":"https:\/\/old.kreislerart.com\/es\/wp-json\/wp\/v2\/types\/product"}],"wp:featuredmedia":[{"embeddable":true,"href":"https:\/\/old.kreislerart.com\/es\/wp-json\/wp\/v2\/media\/18631"}],"wp:attachment":[{"href":"https:\/\/old.kreislerart.com\/es\/wp-json\/wp\/v2\/media?parent=18660"}],"wp:term":[{"taxonomy":"product_cat","embeddable":true,"href":"https:\/\/old.kreislerart.com\/es\/wp-json\/wp\/v2\/product_cat?post=18660"},{"taxonomy":"product_tag","embeddable":true,"href":"https:\/\/old.kreislerart.com\/es\/wp-json\/wp\/v2\/product_tag?post=18660"}],"curies":[{"name":"wp","href":"https:\/\/api.w.org\/{rel}","templated":true}]}}