{"id":21923,"date":"2021-01-04T14:16:10","date_gmt":"2021-01-04T14:16:11","guid":{"rendered":"https:\/\/kreislerart.com\/?post_type=product&#038;p=21923"},"modified":"2021-03-02T15:22:04","modified_gmt":"2021-03-02T15:22:04","slug":"wildflower-n-13","status":"publish","type":"product","link":"https:\/\/old.kreislerart.com\/es\/producto\/wildflower-n-13\/","title":{"rendered":"Wildflower n.13"},"content":{"rendered":"","protected":false},"excerpt":{"rendered":"<p>Inspirado por las flores de Warhol y de Monet, quise pintar las m\u00edas. Pero no ten\u00eda ni idea de c\u00f3mo empezar. Y en ese preciso instante aparecieron mis viejos guantes de boxeo (olvidados en un estante). A penas los v\u00ed, sab\u00eda que el camino era por ah\u00ed. Pintar con los guantes puestos para ver qu\u00e9 iba a pasar. Sorprendente como algo tan delicado como una flor, florezca de algo tan violento como un pu\u00f1etazo. Pero pareciera que la vida es as\u00ed.<\/p>\n","protected":false},"featured_media":21858,"template":"","meta":{"_et_pb_use_builder":"","_et_pb_old_content":"","_et_gb_content_width":""},"product_cat":[175,174],"product_tag":[],"class_list":{"0":"post-21923","1":"product","2":"type-product","3":"status-publish","4":"has-post-thumbnail","6":"product_cat-acrilico","7":"product_cat-pintura","8":"pa_color-multicolor-es","9":"pa_medium-lienzo","10":"pa_style-abstracto","11":"pa_style-vida-cotidiana","12":"pa_technique-acrylic-es","13":"yith_product_brand-luigi-rodriguez-es","15":"first","16":"outofstock","17":"sold-individually","18":"taxable","19":"shipping-taxable","20":"purchasable","21":"product-type-simple"},"_links":{"self":[{"href":"https:\/\/old.kreislerart.com\/es\/wp-json\/wp\/v2\/product\/21923"}],"collection":[{"href":"https:\/\/old.kreislerart.com\/es\/wp-json\/wp\/v2\/product"}],"about":[{"href":"https:\/\/old.kreislerart.com\/es\/wp-json\/wp\/v2\/types\/product"}],"wp:featuredmedia":[{"embeddable":true,"href":"https:\/\/old.kreislerart.com\/es\/wp-json\/wp\/v2\/media\/21858"}],"wp:attachment":[{"href":"https:\/\/old.kreislerart.com\/es\/wp-json\/wp\/v2\/media?parent=21923"}],"wp:term":[{"taxonomy":"product_cat","embeddable":true,"href":"https:\/\/old.kreislerart.com\/es\/wp-json\/wp\/v2\/product_cat?post=21923"},{"taxonomy":"product_tag","embeddable":true,"href":"https:\/\/old.kreislerart.com\/es\/wp-json\/wp\/v2\/product_tag?post=21923"}],"curies":[{"name":"wp","href":"https:\/\/api.w.org\/{rel}","templated":true}]}}