{"id":21946,"date":"2021-01-04T15:19:39","date_gmt":"2021-01-04T15:19:40","guid":{"rendered":"https:\/\/kreislerart.com\/?post_type=product&#038;p=21946"},"modified":"2021-01-04T15:30:55","modified_gmt":"2021-01-04T15:30:55","slug":"mirador-espanol-i","status":"publish","type":"product","link":"https:\/\/old.kreislerart.com\/es\/producto\/mirador-espanol-i\/","title":{"rendered":"Mirador Espa\u00f1ol I."},"content":{"rendered":"","protected":false},"excerpt":{"rendered":"<p>Obra creada recortando y pegando m\u00e1s de 2000 sellos postales, principalmente espa\u00f1oles. Parte de la colecci\u00f3n \u201cLa Pintura est\u00e1 Viva\u201d donde hago homenaje a la obra de Eduardo Arroyo.<\/p>\n","protected":false},"featured_media":21900,"template":"","meta":{"_et_pb_use_builder":"","_et_pb_old_content":"","_et_gb_content_width":""},"product_cat":[1119,174],"product_tag":[],"class_list":{"0":"post-21946","1":"product","2":"type-product","3":"status-publish","4":"has-post-thumbnail","6":"product_cat-collage-es","7":"product_cat-pintura","8":"pa_color-multicolor-es","9":"pa_medium-plastico","10":"pa_style-abstracto","11":"pa_style-fantasia","12":"pa_style-street-art-es","13":"pa_technique-collage-es","14":"yith_product_brand-luigi-rodriguez-es","16":"first","17":"instock","18":"sold-individually","19":"taxable","20":"shipping-taxable","21":"purchasable","22":"product-type-simple"},"_links":{"self":[{"href":"https:\/\/old.kreislerart.com\/es\/wp-json\/wp\/v2\/product\/21946"}],"collection":[{"href":"https:\/\/old.kreislerart.com\/es\/wp-json\/wp\/v2\/product"}],"about":[{"href":"https:\/\/old.kreislerart.com\/es\/wp-json\/wp\/v2\/types\/product"}],"wp:featuredmedia":[{"embeddable":true,"href":"https:\/\/old.kreislerart.com\/es\/wp-json\/wp\/v2\/media\/21900"}],"wp:attachment":[{"href":"https:\/\/old.kreislerart.com\/es\/wp-json\/wp\/v2\/media?parent=21946"}],"wp:term":[{"taxonomy":"product_cat","embeddable":true,"href":"https:\/\/old.kreislerart.com\/es\/wp-json\/wp\/v2\/product_cat?post=21946"},{"taxonomy":"product_tag","embeddable":true,"href":"https:\/\/old.kreislerart.com\/es\/wp-json\/wp\/v2\/product_tag?post=21946"}],"curies":[{"name":"wp","href":"https:\/\/api.w.org\/{rel}","templated":true}]}}