{"id":22503,"date":"2021-06-01T10:27:12","date_gmt":"2021-06-01T08:27:13","guid":{"rendered":"https:\/\/kreislerart.com\/?post_type=product&#038;p=22503"},"modified":"2021-06-01T10:30:35","modified_gmt":"2021-06-01T08:30:35","slug":"du-vent-sur-les-toits","status":"publish","type":"product","link":"https:\/\/old.kreislerart.com\/es\/producto\/du-vent-sur-les-toits\/","title":{"rendered":"Du vent sur les toits"},"content":{"rendered":"","protected":false},"excerpt":{"rendered":"<p>Esta serie de esculturas textiles nace de la reflexi\u00f3n sobre la construcci\u00f3n de la identidad a lo largo del tiempo. Est\u00e1n hechas con cuadros de hace unos a\u00f1os, que he destruido para ello. Tengo una identificaci\u00f3n muy fuerte con mi trabajo, que me parece formar parte de m\u00ed. Destruir mi obra del pasado para darle nueva forma y as\u00ed, una nueva vida, es una imagen de c\u00f3mo el pasado construye el presente: Yo soy hoy porque fui ayer, y fui aquella. La transformaci\u00f3n es tambi\u00e9n asimilaci\u00f3n de ese pasado. As\u00ed, lo que se esconde en el interior de las primeras esculturas, va asomando poco a poco en las siguientes, y se exhibe en las \u00faltimas de manera mucho m\u00e1s expl\u00edcita. Las obras que sirven hoy de materia prima ya eran en volumen. El volumen forma parte de mi lenguaje pl\u00e1stico desde hace m\u00e1s de 15 a\u00f1os.<\/p>\n<p>La pieza est\u00e1 protegida por una fin\u00edsima capa de resina. Se le puede quitar el polvo con un plumero e incluso pasar un trapo h\u00famedo, con cuidado.<\/p>\n<p>Esta pieza en concreto, <em>Du vent sur les toits<\/em>, est\u00e1 construida a partir de un cuadro que se llamaba <em>De tejados y otras cuadraturas<\/em>. Lo pint\u00e9 en Par\u00eds en 2008 y fue expuesto en la galer\u00eda Puchol, en Valencia, ese mismo a\u00f1o.<\/p>\n<p>Lleva un potente im\u00e1n dentro y se pega a la cabeza de un tornillo metido en la pared. Se le puede poner un marco alrededor, en la pared. Puede suspenderse de un marco que se sujete de pie sobre una superficie.<\/p>\n","protected":false},"featured_media":22338,"template":"","meta":{"_et_pb_use_builder":"","_et_pb_old_content":"","_et_gb_content_width":""},"product_cat":[183],"product_tag":[],"class_list":{"0":"post-22503","1":"product","2":"type-product","3":"status-publish","4":"has-post-thumbnail","6":"product_cat-escultura","7":"pa_color-multicolor-es","8":"pa_medium-lienzo","9":"pa_medium-papel","10":"pa_style-abstracto","11":"pa_technique-escultura","12":"pa_technique-pintura","13":"pa_technique-tecnica-mixta","14":"yith_product_brand-carla-quejereta-roca","16":"first","17":"instock","18":"sold-individually","19":"taxable","20":"shipping-taxable","21":"purchasable","22":"product-type-simple"},"_links":{"self":[{"href":"https:\/\/old.kreislerart.com\/es\/wp-json\/wp\/v2\/product\/22503"}],"collection":[{"href":"https:\/\/old.kreislerart.com\/es\/wp-json\/wp\/v2\/product"}],"about":[{"href":"https:\/\/old.kreislerart.com\/es\/wp-json\/wp\/v2\/types\/product"}],"wp:featuredmedia":[{"embeddable":true,"href":"https:\/\/old.kreislerart.com\/es\/wp-json\/wp\/v2\/media\/22338"}],"wp:attachment":[{"href":"https:\/\/old.kreislerart.com\/es\/wp-json\/wp\/v2\/media?parent=22503"}],"wp:term":[{"taxonomy":"product_cat","embeddable":true,"href":"https:\/\/old.kreislerart.com\/es\/wp-json\/wp\/v2\/product_cat?post=22503"},{"taxonomy":"product_tag","embeddable":true,"href":"https:\/\/old.kreislerart.com\/es\/wp-json\/wp\/v2\/product_tag?post=22503"}],"curies":[{"name":"wp","href":"https:\/\/api.w.org\/{rel}","templated":true}]}}