{"id":26235,"date":"2023-11-30T03:16:44","date_gmt":"2023-11-30T01:16:44","guid":{"rendered":"https:\/\/kreislerart.com\/product\/025-1f\/"},"modified":"2023-11-30T09:27:25","modified_gmt":"2023-11-30T07:27:25","slug":"025-1f","status":"publish","type":"product","link":"https:\/\/old.kreislerart.com\/es\/producto\/025-1f\/","title":{"rendered":"0,25-1F"},"content":{"rendered":"<p>Mixed technique on wood. Depending on the visual angle and the incidence of light, the colors vary. The title of the work corresponds to the space it occupies in square meters. A reference to the starting point of its geometry, based on urban planning blueprints.<\/p>\n","protected":false},"excerpt":{"rendered":"<p>T\u00e9cnica mixta sobre madera. Seg\u00fan angulo visual e incidencia de la luz, los colores var\u00edan. El t\u00edtulo de la obra se corresponde con el espacio que ocupa en metros cuadrados. Una referencia al punto de partida de su geometr\u00eda, basada en planos urban\u00edsticos.<\/p>\n","protected":false},"featured_media":26199,"template":"","meta":{"_et_pb_use_builder":"","_et_pb_old_content":"","_et_gb_content_width":""},"product_cat":[174],"product_tag":[],"class_list":{"0":"post-26235","1":"product","2":"type-product","3":"status-publish","4":"has-post-thumbnail","6":"product_cat-pintura","7":"pa_color-purple-es","8":"pa_medium-madera","9":"pa_style-abstracto","10":"pa_technique-tecnica-mixta","11":"yith_product_brand-gerard-fernandez-rico-es","13":"first","14":"instock","15":"sold-individually","16":"taxable","17":"shipping-taxable","18":"purchasable","19":"product-type-simple"},"_links":{"self":[{"href":"https:\/\/old.kreislerart.com\/es\/wp-json\/wp\/v2\/product\/26235"}],"collection":[{"href":"https:\/\/old.kreislerart.com\/es\/wp-json\/wp\/v2\/product"}],"about":[{"href":"https:\/\/old.kreislerart.com\/es\/wp-json\/wp\/v2\/types\/product"}],"wp:featuredmedia":[{"embeddable":true,"href":"https:\/\/old.kreislerart.com\/es\/wp-json\/wp\/v2\/media\/26199"}],"wp:attachment":[{"href":"https:\/\/old.kreislerart.com\/es\/wp-json\/wp\/v2\/media?parent=26235"}],"wp:term":[{"taxonomy":"product_cat","embeddable":true,"href":"https:\/\/old.kreislerart.com\/es\/wp-json\/wp\/v2\/product_cat?post=26235"},{"taxonomy":"product_tag","embeddable":true,"href":"https:\/\/old.kreislerart.com\/es\/wp-json\/wp\/v2\/product_tag?post=26235"}],"curies":[{"name":"wp","href":"https:\/\/api.w.org\/{rel}","templated":true}]}}